{"id":130380,"date":"2024-06-27T07:46:20","date_gmt":"2024-06-27T05:46:20","guid":{"rendered":"https:\/\/datawords.com\/omnichannel-wachstum-nach-kultur\/conversational-business\/"},"modified":"2025-10-09T08:08:22","modified_gmt":"2025-10-09T06:08:22","slug":"conversational-business","status":"publish","type":"page","link":"https:\/\/datawords.com\/de-ch\/omnichannel-wachstum-nach-kultur\/conversational-business\/","title":{"rendered":"CONVERSATIONAL BUSINESS"},"content":{"rendered":"\t\t<div data-elementor-type=\"wp-page\" data-elementor-id=\"130380\" class=\"elementor elementor-130380\" data-elementor-post-type=\"page\">\n\t\t\t\t<div class=\"elementor-element elementor-element-9a5cc40 e-flex e-con-boxed e-con e-parent\" data-id=\"9a5cc40\" data-element_type=\"container\" data-settings=\"{&quot;background_background&quot;:&quot;classic&quot;}\">\n\t\t\t\t\t<div class=\"e-con-inner\">\n\t\t<div class=\"elementor-element elementor-element-803ed41 e-con-full e-flex e-con e-child\" data-id=\"803ed41\" data-element_type=\"container\">\n\t\t\t\t<div class=\"elementor-element elementor-element-a0c14f7 textchange elementor-widget__width-initial elementor-widget-mobile__width-inherit elementor-hidden-mobile elementor-widget elementor-widget-text-editor\" data-id=\"a0c14f7\" data-element_type=\"widget\" data-widget_type=\"text-editor.default\">\n\t\t\t\t<div class=\"elementor-widget-container\">\n\t\t\t\t\t\t\t\t\t<h1>Kundenbindung und\n<strong> Konversationstools<\/strong><\/h1>\t\t\t\t\t\t\t\t<\/div>\n\t\t\t\t<\/div>\n\t\t\t\t<div class=\"elementor-element elementor-element-fdf61db textchange elementor-widget__width-initial elementor-widget-mobile__width-inherit elementor-hidden-desktop elementor-hidden-tablet elementor-widget elementor-widget-text-editor\" data-id=\"fdf61db\" data-element_type=\"widget\" data-widget_type=\"text-editor.default\">\n\t\t\t\t<div class=\"elementor-widget-container\">\n\t\t\t\t\t\t\t\t\t<h1>Kundenbindung und\n<strong> Konversationstools<\/strong><\/h1>\t\t\t\t\t\t\t\t<\/div>\n\t\t\t\t<\/div>\n\t\t\t\t<\/div>\n\t\t\t\t\t<\/div>\n\t\t\t\t<\/div>\n\t\t<div class=\"elementor-element elementor-element-8edfe59 pourquoi-datawords e-flex e-con-boxed e-con e-parent\" data-id=\"8edfe59\" data-element_type=\"container\" data-settings=\"{&quot;background_background&quot;:&quot;classic&quot;}\">\n\t\t\t\t\t<div class=\"e-con-inner\">\n\t\t<div class=\"elementor-element elementor-element-2a708c3 e-con-full e-flex e-con e-child\" data-id=\"2a708c3\" data-element_type=\"container\">\n\t\t\t\t<div class=\"elementor-element elementor-element-d4c83ee elementor-widget-mobile__width-inherit elementor-widget elementor-widget-text-editor\" data-id=\"d4c83ee\" data-element_type=\"widget\" data-widget_type=\"text-editor.default\">\n\t\t\t\t<div class=\"elementor-widget-container\">\n\t\t\t\t\t\t\t\t\tIn einer sich st\u00e4ndig ver\u00e4ndernden digitalen Landschaft, in der Unternehmen immer mehr Wert auf die Interaktion mit ihren Kunden legen, ist Conversational Commerce zu einer wichtigen Strategie geworden, um mit den Verbraucher:innen pers\u00f6nlicher und engagierter zu interagieren: Live-Chat-Assistenten auf E-Commerce-Websites, individuelles Clienteling \u00fcber Messaging-Apps f\u00fcr den Einzelhandel, Automatisierung von Marketing- und CRM-Journeys \u00fcber Chatbots und vieles mehr.\t\t\t\t\t\t\t\t<\/div>\n\t\t\t\t<\/div>\n\t\t\t\t<div class=\"elementor-element elementor-element-cda5306 textchange elementor-widget__width-initial elementor-widget-mobile__width-inherit elementor-hidden-desktop elementor-hidden-tablet elementor-widget elementor-widget-text-editor\" data-id=\"cda5306\" data-element_type=\"widget\" data-widget_type=\"text-editor.default\">\n\t\t\t\t<div class=\"elementor-widget-container\">\n\t\t\t\t\t\t\t\t\t<h2><strong>Unser<\/strong>\nSavoir-faire<\/h2>\t\t\t\t\t\t\t\t<\/div>\n\t\t\t\t<\/div>\n\t\t\t\t<div class=\"elementor-element elementor-element-1941dc0 textchange elementor-widget__width-initial elementor-widget-mobile__width-inherit elementor-hidden-mobile elementor-widget elementor-widget-text-editor\" data-id=\"1941dc0\" data-element_type=\"widget\" data-widget_type=\"text-editor.default\">\n\t\t\t\t<div class=\"elementor-widget-container\">\n\t\t\t\t\t\t\t\t\t<h2><strong>Unser<\/strong>\nSavoir-faire<\/h2>\t\t\t\t\t\t\t\t<\/div>\n\t\t\t\t<\/div>\n\t\t\t\t<div class=\"elementor-element elementor-element-bf4bdad elementor-widget-mobile__width-inherit elementor-widget elementor-widget-text-editor\" data-id=\"bf4bdad\" data-element_type=\"widget\" data-widget_type=\"text-editor.default\">\n\t\t\t\t<div class=\"elementor-widget-container\">\n\t\t\t\t\t\t\t\t\t<p>Durch die Nutzung von Technologien wie der Verarbeitung nat\u00fcrlicher Sprache, Spracherkennung und generativer k\u00fcnstlicher Intelligenz (GenAI) sch\u00f6pfen wir das Potenzial des Conversational Commerce aus, um die Markenpr\u00e4senz zu st\u00e4rken und den Umsatz \u00fcber Sofortnachricht-Plattformen zu steigern.<\/p>\t\t\t\t\t\t\t\t<\/div>\n\t\t\t\t<\/div>\n\t\t\t\t<\/div>\n\t\t<div class=\"elementor-element elementor-element-2954531 notre-expertise e-con-full e-flex e-con e-child\" data-id=\"2954531\" data-element_type=\"container\" data-settings=\"{&quot;background_background&quot;:&quot;classic&quot;}\">\n\t\t<div class=\"elementor-element elementor-element-5831e19 e-con-full notre-kredo e-flex e-con e-child\" data-id=\"5831e19\" data-element_type=\"container\" data-settings=\"{&quot;background_background&quot;:&quot;classic&quot;}\">\n\t\t<div class=\"elementor-element elementor-element-67341a2 e-con-full shape-content-right e-flex e-con e-child\" data-id=\"67341a2\" data-element_type=\"container\" data-settings=\"{&quot;background_background&quot;:&quot;classic&quot;}\">\n\t\t\t\t<div class=\"elementor-element elementor-element-5d611ec elementor-widget elementor-widget-image-box\" data-id=\"5d611ec\" data-element_type=\"widget\" data-widget_type=\"image-box.default\">\n\t\t\t\t<div class=\"elementor-widget-container\">\n\t\t\t\t\t<div class=\"elementor-image-box-wrapper\"><div class=\"elementor-image-box-content\"><h3 class=\"elementor-image-box-title\">Flexible Omnichannel-L\u00f6sungen<\/h3><p class=\"elementor-image-box-description\">Mit Whatsquare, unserer auf Conversational Commerce spezialisierten Tochtergesellschaft und Marktf\u00fchrer f\u00fcr Chatbots in Asien, k\u00f6nnen wir mehrsprachige L\u00f6sungen anbieten, die die Interaktion mit Ihren Kunden auf allen relevanten Messaging-Plattformen f\u00f6rdern, darunter WhatsApp, Facebook Messenger, LINE, KaKao Talk, WeChat, iMessage, SMS usw.<br><br>\nZus\u00e4tzlich zu den umfassenden, sofort einsatzbereiten Funktionen ist die Omnichannel-L\u00f6sung vollst\u00e4ndig anpassbar mit tiefen Systemintegrationen, einschlie\u00dflich CRM, E-Commerce, POS und AR, die auf jede anspruchsvolle und prestigetr\u00e4chtige Kundenerfahrung von Marken zugeschnitten sind.<\/p><\/div><\/div>\t\t\t\t<\/div>\n\t\t\t\t<\/div>\n\t\t\t\t<\/div>\n\t\t<div class=\"elementor-element elementor-element-f9c8658 e-con-full shape-content-right e-flex e-con e-child\" data-id=\"f9c8658\" data-element_type=\"container\" data-settings=\"{&quot;background_background&quot;:&quot;classic&quot;}\">\n\t\t\t\t<div class=\"elementor-element elementor-element-1426e96 elementor-widget elementor-widget-image-box\" data-id=\"1426e96\" data-element_type=\"widget\" data-widget_type=\"image-box.default\">\n\t\t\t\t<div class=\"elementor-widget-container\">\n\t\t\t\t\t<div class=\"elementor-image-box-wrapper\"><div class=\"elementor-image-box-content\"><h3 class=\"elementor-image-box-title\">Intelligente und personalisierte Chatbots<\/h3><p class=\"elementor-image-box-description\">Chatbots sind zu unverzichtbaren Werkzeugen geworden, um das Kundenerlebnis in Messenger-Apps zu optimieren. Mithilfe von k\u00fcnstlicher Intelligenz und fortschrittlichen Personalisierungsalgorithmen k\u00f6nnen unsere Chatbots: Schnelle und relevante Antworten auf Nutzerfragen liefern;\nProdukte und Dienstleistungen empfehlen, die auf ihre Bed\u00fcrfnisse zugeschnitten sind;\nKund:innen durch den Kaufprozess f\u00fchren;\nInformationen \u00fcber die Pr\u00e4ferenzen der Kund:innen sammeln;\nTransaktionen initiieren.<\/p><\/div><\/div>\t\t\t\t<\/div>\n\t\t\t\t<\/div>\n\t\t\t\t<\/div>\n\t\t<div class=\"elementor-element elementor-element-f6a99e3 e-con-full shape-content-right e-flex e-con e-child\" data-id=\"f6a99e3\" data-element_type=\"container\" data-settings=\"{&quot;background_background&quot;:&quot;classic&quot;}\">\n\t\t\t\t<div class=\"elementor-element elementor-element-95565ae elementor-widget elementor-widget-image-box\" data-id=\"95565ae\" data-element_type=\"widget\" data-widget_type=\"image-box.default\">\n\t\t\t\t<div class=\"elementor-widget-container\">\n\t\t\t\t\t<div class=\"elementor-image-box-wrapper\"><div class=\"elementor-image-box-content\"><h3 class=\"elementor-image-box-title\">Ein umfassender und nutzerzentrierter Ansatz<\/h3><p class=\"elementor-image-box-description\">Wir stellen die Nutzer:innen in den Mittelpunkt unseres Ansatzes f\u00fcr Conversational Commerce. Indem wir die Bed\u00fcrfnisse, Vorlieben und Verhaltensweisen der Verbraucher:innen verstehen, sind wir in der Lage, Customer Journeys zu entwerfen und Nutzererlebnisse zu schaffen, die die Bindung zwischen Ihrer Marke und Ihren Kunden st\u00e4rken \u2013 von der Entdeckung \u00fcber das Engagement bis hin zum Kauf. Egal, ob Sie einen effizienten Kundenservice anbieten, personalisierte Empfehlungen aussprechen oder fesselnde Geschichten erz\u00e4hlen m\u00f6chten \u2013 unsere Conversational-Commerce-L\u00f6sungen sind so konzipiert, dass sie jeder Interaktion einen Mehrwert verleihen.<\/p><\/div><\/div>\t\t\t\t<\/div>\n\t\t\t\t<\/div>\n\t\t\t\t<\/div>\n\t\t<div class=\"elementor-element elementor-element-4ecb465 e-con-full shape-content-right e-flex e-con e-child\" data-id=\"4ecb465\" data-element_type=\"container\" data-settings=\"{&quot;background_background&quot;:&quot;classic&quot;}\">\n\t\t\t\t<div class=\"elementor-element elementor-element-dd9c2c0 elementor-widget elementor-widget-image-box\" data-id=\"dd9c2c0\" data-element_type=\"widget\" data-widget_type=\"image-box.default\">\n\t\t\t\t<div class=\"elementor-widget-container\">\n\t\t\t\t\t<div class=\"elementor-image-box-wrapper\"><div class=\"elementor-image-box-content\"><h3 class=\"elementor-image-box-title\">Fl\u00fcssige Konversationen angetrieben durch KI<\/h3><p class=\"elementor-image-box-description\">Unsere einzigartigen L\u00f6sungen wachsen mit den Bed\u00fcrfnissen Ihres Unternehmens und Ihrer Kunden. Dank gr\u00fcndlicher Datenanalysen und Echtzeit-Einblicke sind wir in der Lage, die Leistung Ihrer Chatbots kontinuierlich zu optimieren und unsere Strategie an Markttrends und Nutzerfeedback anzupassen.<\/p><\/div><\/div>\t\t\t\t<\/div>\n\t\t\t\t<\/div>\n\t\t\t\t<\/div>\n\t\t\t\t<\/div>\n\t\t\t\t<\/div>\n\t\t\t\t\t<\/div>\n\t\t\t\t<\/div>\n\t\t<div class=\"elementor-element elementor-element-5cadd8f e-flex e-con-boxed e-con e-parent\" data-id=\"5cadd8f\" data-element_type=\"container\" data-settings=\"{&quot;background_background&quot;:&quot;classic&quot;}\">\n\t\t\t\t\t<div class=\"e-con-inner\">\n\t\t<div class=\"elementor-element elementor-element-e8ad2a9 e-con-full e-flex e-con e-child\" data-id=\"e8ad2a9\" data-element_type=\"container\">\n\t\t\t\t<div class=\"elementor-element elementor-element-27219f2 textchange elementor-widget__width-initial elementor-widget-mobile__width-inherit elementor-widget elementor-widget-text-editor\" data-id=\"27219f2\" data-element_type=\"widget\" data-widget_type=\"text-editor.default\">\n\t\t\t\t<div class=\"elementor-widget-container\">\n\t\t\t\t\t\t\t\t\t<h2><strong>Warum Conversational<\/strong> Commerce?<\/h2>\t\t\t\t\t\t\t\t<\/div>\n\t\t\t\t<\/div>\n\t\t\t\t<\/div>\n\t\t<div class=\"elementor-element elementor-element-fce9106 e-con-full e-flex e-con e-child\" data-id=\"fce9106\" data-element_type=\"container\" data-settings=\"{&quot;background_background&quot;:&quot;video&quot;}\">\n\t\t\t\t<div class=\"elementor-element elementor-element-5b49130 elementor-vertical-align-top elementor-widget elementor-widget-image-box\" data-id=\"5b49130\" data-element_type=\"widget\" data-widget_type=\"image-box.default\">\n\t\t\t\t<div class=\"elementor-widget-container\">\n\t\t\t\t\t<div class=\"elementor-image-box-wrapper\"><div class=\"elementor-image-box-content\"><h3 class=\"elementor-image-box-title\">Social Media, das Engagement schafft<\/h3><\/div><\/div>\t\t\t\t<\/div>\n\t\t\t\t<\/div>\n\t\t\t\t<div class=\"elementor-element elementor-element-2478290 elementor-align-left multiculturelle elementor-icon-list--layout-traditional elementor-list-item-link-full_width elementor-widget elementor-widget-icon-list\" data-id=\"2478290\" data-element_type=\"widget\" data-widget_type=\"icon-list.default\">\n\t\t\t\t<div class=\"elementor-widget-container\">\n\t\t\t\t\t\t\t<ul class=\"elementor-icon-list-items\">\n\t\t\t\t\t\t\t<li class=\"elementor-icon-list-item\">\n\t\t\t\t\t\t\t\t\t\t\t<span class=\"elementor-icon-list-icon\">\n\t\t\t\t\t\t\t<i aria-hidden=\"true\" class=\"fas fa-circle\"><\/i>\t\t\t\t\t\t<\/span>\n\t\t\t\t\t\t\t\t\t\t<span class=\"elementor-icon-list-text\">Kundentreue: Personalisierte Interaktionen verbessern die Kundenbindung. Jeder Austausch ist Teil eines kontinuierlichen Dialogs zwischen Kund:in und Marke, der das Kundenerlebnis verbessert und das Engagement f\u00f6rdert.<\/span>\n\t\t\t\t\t\t\t\t\t<\/li>\n\t\t\t\t\t\t\t\t<li class=\"elementor-icon-list-item\">\n\t\t\t\t\t\t\t\t\t\t\t<span class=\"elementor-icon-list-icon\">\n\t\t\t\t\t\t\t<i aria-hidden=\"true\" class=\"fas fa-circle\"><\/i>\t\t\t\t\t\t<\/span>\n\t\t\t\t\t\t\t\t\t\t<span class=\"elementor-icon-list-text\">Verkaufsf\u00f6rderung: Indem sie das Interesse zur richtigen Zeit wecken, kurbeln Online-Konversationstools den Verkauf an, insbesondere durch relevante Produktvorschl\u00e4ge und gezielte Werbeaktionen, die \u00fcber Chatbots oder Widgets angeboten werden.<\/span>\n\t\t\t\t\t\t\t\t\t<\/li>\n\t\t\t\t\t\t\t\t<li class=\"elementor-icon-list-item\">\n\t\t\t\t\t\t\t\t\t\t\t<span class=\"elementor-icon-list-icon\">\n\t\t\t\t\t\t\t<i aria-hidden=\"true\" class=\"fas fa-circle\"><\/i>\t\t\t\t\t\t<\/span>\n\t\t\t\t\t\t\t\t\t\t<span class=\"elementor-icon-list-text\">Konversationelle Kundendaten: Kundengespr\u00e4che sind eine F\u00fclle von wertvollen Informationen. Sie speisen die Sprachmodelle der Chatbots und liefern Einblicke in die Vorlieben der Verbraucher:innen. Wenn sie sicher verwendet werden, erm\u00f6glichen diese Daten personalisierte Kundenerlebnisse und st\u00e4rken die Kundenbindung.<\/span>\n\t\t\t\t\t\t\t\t\t<\/li>\n\t\t\t\t\t\t\t\t<li class=\"elementor-icon-list-item\">\n\t\t\t\t\t\t\t\t\t\t\t<span class=\"elementor-icon-list-icon\">\n\t\t\t\t\t\t\t<i aria-hidden=\"true\" class=\"fas fa-circle\"><\/i>\t\t\t\t\t\t<\/span>\n\t\t\t\t\t\t\t\t\t\t<span class=\"elementor-icon-list-text\">Qualifizierung von Leads: Automatisierung hilft dabei, Leads zu qualifizieren und Gespr\u00e4che an die richtige Person zu lenken. Integrierte Formulare sammeln Informationen, um relevante und effektive Interaktionen zu gew\u00e4hrleisten.<\/span>\n\t\t\t\t\t\t\t\t\t<\/li>\n\t\t\t\t\t\t\t\t<li class=\"elementor-icon-list-item\">\n\t\t\t\t\t\t\t\t\t\t\t<span class=\"elementor-icon-list-icon\">\n\t\t\t\t\t\t\t<i aria-hidden=\"true\" class=\"fas fa-circle\"><\/i>\t\t\t\t\t\t<\/span>\n\t\t\t\t\t\t\t\t\t\t<span class=\"elementor-icon-list-text\">Verringerung des Warenkorbabbruchs: Conversational Commerce hilft, den Warenkorbabbruch zu verringern, indem es sofortige Unterst\u00fctzung bietet und das Engagement w\u00e4hrend des gesamten Kaufprozesses aufrechterh\u00e4lt. Nachrichten werden auf E-Commerce-Seiten zug\u00e4nglich gemacht und proaktive Nachrichten werden gesendet, um den Kaufabschluss zu f\u00f6rdern.<\/span>\n\t\t\t\t\t\t\t\t\t<\/li>\n\t\t\t\t\t\t<\/ul>\n\t\t\t\t\t\t<\/div>\n\t\t\t\t<\/div>\n\t\t\t\t<div class=\"elementor-element elementor-element-df062d4 elementor-widget-mobile__width-inherit elementor-widget elementor-widget-text-editor\" data-id=\"df062d4\" data-element_type=\"widget\" data-widget_type=\"text-editor.default\">\n\t\t\t\t<div class=\"elementor-widget-container\">\n\t\t\t\t\t\t\t\t\tGanz gleich, ob Sie Ihren Kundenservice verbessern, Ihren Umsatz steigern oder die Kundenbindung st\u00e4rken m\u00f6chten, Datawords bietet Ihnen die Tools und Ressourcen, die Sie ben\u00f6tigen, um Ihre Ziele zu erreichen. Kontaktieren Sie uns noch heute und erfahren Sie, wie wir Ihnen helfen k\u00f6nnen, Ihre Kundeninteraktionen in Wachstumschancen umzuwandeln.\t\t\t\t\t\t\t\t<\/div>\n\t\t\t\t<\/div>\n\t\t\t\t<\/div>\n\t\t\t\t\t<\/div>\n\t\t\t\t<\/div>\n\t\t\t\t<\/div>\n\t\t","protected":false},"excerpt":{"rendered":"<p>Kundenbindung und Konversationstools Kundenbindung und Konversationstools In einer sich st\u00e4ndig ver\u00e4ndernden digitalen Landschaft, in der Unternehmen immer mehr Wert auf die Interaktion mit ihren Kunden legen, ist Conversational Commerce zu einer wichtigen Strategie geworden, um mit den Verbraucher:innen pers\u00f6nlicher und engagierter zu interagieren: Live-Chat-Assistenten auf E-Commerce-Websites, individuelles Clienteling \u00fcber Messaging-Apps f\u00fcr den Einzelhandel, Automatisierung von [&hellip;]<\/p>\n","protected":false},"author":1,"featured_media":82224,"parent":82231,"menu_order":0,"comment_status":"closed","ping_status":"closed","template":"","meta":{"_acf_changed":false,"content-type":"","footnotes":""},"class_list":["post-130380","page","type-page","status-publish","has-post-thumbnail","hentry"],"acf":[],"_links":{"self":[{"href":"https:\/\/datawords.com\/de-ch\/wp-json\/wp\/v2\/pages\/130380","targetHints":{"allow":["GET"]}}],"collection":[{"href":"https:\/\/datawords.com\/de-ch\/wp-json\/wp\/v2\/pages"}],"about":[{"href":"https:\/\/datawords.com\/de-ch\/wp-json\/wp\/v2\/types\/page"}],"author":[{"embeddable":true,"href":"https:\/\/datawords.com\/de-ch\/wp-json\/wp\/v2\/users\/1"}],"replies":[{"embeddable":true,"href":"https:\/\/datawords.com\/de-ch\/wp-json\/wp\/v2\/comments?post=130380"}],"version-history":[{"count":0,"href":"https:\/\/datawords.com\/de-ch\/wp-json\/wp\/v2\/pages\/130380\/revisions"}],"up":[{"embeddable":true,"href":"https:\/\/datawords.com\/de-ch\/wp-json\/wp\/v2\/pages\/82231"}],"wp:featuredmedia":[{"embeddable":true,"href":"https:\/\/datawords.com\/de-ch\/wp-json\/wp\/v2\/media\/82224"}],"wp:attachment":[{"href":"https:\/\/datawords.com\/de-ch\/wp-json\/wp\/v2\/media?parent=130380"}],"curies":[{"name":"wp","href":"https:\/\/api.w.org\/{rel}","templated":true}]}}